{"id":10,"date":"2023-05-13T17:17:36","date_gmt":"2023-05-13T15:17:36","guid":{"rendered":"https:\/\/spices.nexuseight.fr\/?page_id=10"},"modified":"2023-05-13T17:41:01","modified_gmt":"2023-05-13T15:41:01","slug":"contact","status":"publish","type":"page","link":"https:\/\/spices.nexuseight.fr\/index.php\/contact\/","title":{"rendered":"Contact"},"content":{"rendered":"\n<p>Vous souhaitez en savoir plus sur les m\u00e9langes d&rsquo;\u00e9pices Nexus Eight ? Vous avez des questions ou des suggestions \u00e0 partager ? Nous serions ravis d&rsquo;entendre parler de vous. Contactez-nous d\u00e8s maintenant et plongez dans un univers gustatif unique o\u00f9 la science-fiction se marie avec l&rsquo;authenticit\u00e9 des produits locaux.<\/p>\n","protected":false},"excerpt":{"rendered":"<p>Vous souhaitez en savoir plus sur les m\u00e9langes d&rsquo;\u00e9pices Nexus Eight ? Vous avez des questions ou des suggestions \u00e0 partager ? Nous serions ravis d&rsquo;entendre parler de vous. Contactez-nous &#8230;<\/p>\n","protected":false},"author":1,"featured_media":32,"parent":0,"menu_order":0,"comment_status":"closed","ping_status":"closed","template":"","meta":{"footnotes":""},"class_list":["post-10","page","type-page","status-publish","has-post-thumbnail","hentry"],"_links":{"self":[{"href":"https:\/\/spices.nexuseight.fr\/index.php\/wp-json\/wp\/v2\/pages\/10","targetHints":{"allow":["GET"]}}],"collection":[{"href":"https:\/\/spices.nexuseight.fr\/index.php\/wp-json\/wp\/v2\/pages"}],"about":[{"href":"https:\/\/spices.nexuseight.fr\/index.php\/wp-json\/wp\/v2\/types\/page"}],"author":[{"embeddable":true,"href":"https:\/\/spices.nexuseight.fr\/index.php\/wp-json\/wp\/v2\/users\/1"}],"replies":[{"embeddable":true,"href":"https:\/\/spices.nexuseight.fr\/index.php\/wp-json\/wp\/v2\/comments?post=10"}],"version-history":[{"count":2,"href":"https:\/\/spices.nexuseight.fr\/index.php\/wp-json\/wp\/v2\/pages\/10\/revisions"}],"predecessor-version":[{"id":40,"href":"https:\/\/spices.nexuseight.fr\/index.php\/wp-json\/wp\/v2\/pages\/10\/revisions\/40"}],"wp:featuredmedia":[{"embeddable":true,"href":"https:\/\/spices.nexuseight.fr\/index.php\/wp-json\/wp\/v2\/media\/32"}],"wp:attachment":[{"href":"https:\/\/spices.nexuseight.fr\/index.php\/wp-json\/wp\/v2\/media?parent=10"}],"curies":[{"name":"wp","href":"https:\/\/api.w.org\/{rel}","templated":true}]}}