{"id":8,"date":"2023-05-13T17:17:36","date_gmt":"2023-05-13T15:17:36","guid":{"rendered":"https:\/\/spices.nexuseight.fr\/?page_id=8"},"modified":"2024-01-21T14:27:32","modified_gmt":"2024-01-21T13:27:32","slug":"accueil","status":"publish","type":"page","link":"https:\/\/spices.nexuseight.fr\/","title":{"rendered":"Accueil"},"content":{"rendered":"\n<p>Bienvenue chez Nexus Height !<\/p>\n\n\n\n<p>Explorez les m\u00e9langes d&rsquo;\u00e9pices bio Nexus Eight, o\u00f9 la saveur rencontre la science-fiction. Plongez dans un univers gustatif unique, o\u00f9 les \u00e9pices locales sont fusionn\u00e9es avec l&rsquo;inspiration des mondes imaginaires. Laissez-vous transporter vers des dimensions gustatives inexplor\u00e9es et d\u00e9couvrez nos cr\u00e9ations originales qui \u00e9veilleront vos papilles.<\/p>\n","protected":false},"excerpt":{"rendered":"<p>Bienvenue chez Nexus Height ! Explorez les m\u00e9langes d&rsquo;\u00e9pices bio Nexus Eight, o\u00f9 la saveur rencontre la science-fiction. Plongez dans un univers gustatif unique, o\u00f9 les \u00e9pices locales sont fusionn\u00e9es &#8230;<\/p>\n","protected":false},"author":1,"featured_media":15,"parent":0,"menu_order":0,"comment_status":"closed","ping_status":"closed","template":"","meta":{"footnotes":""},"class_list":["post-8","page","type-page","status-publish","has-post-thumbnail","hentry"],"_links":{"self":[{"href":"https:\/\/spices.nexuseight.fr\/index.php\/wp-json\/wp\/v2\/pages\/8","targetHints":{"allow":["GET"]}}],"collection":[{"href":"https:\/\/spices.nexuseight.fr\/index.php\/wp-json\/wp\/v2\/pages"}],"about":[{"href":"https:\/\/spices.nexuseight.fr\/index.php\/wp-json\/wp\/v2\/types\/page"}],"author":[{"embeddable":true,"href":"https:\/\/spices.nexuseight.fr\/index.php\/wp-json\/wp\/v2\/users\/1"}],"replies":[{"embeddable":true,"href":"https:\/\/spices.nexuseight.fr\/index.php\/wp-json\/wp\/v2\/comments?post=8"}],"version-history":[{"count":3,"href":"https:\/\/spices.nexuseight.fr\/index.php\/wp-json\/wp\/v2\/pages\/8\/revisions"}],"predecessor-version":[{"id":37,"href":"https:\/\/spices.nexuseight.fr\/index.php\/wp-json\/wp\/v2\/pages\/8\/revisions\/37"}],"wp:featuredmedia":[{"embeddable":true,"href":"https:\/\/spices.nexuseight.fr\/index.php\/wp-json\/wp\/v2\/media\/15"}],"wp:attachment":[{"href":"https:\/\/spices.nexuseight.fr\/index.php\/wp-json\/wp\/v2\/media?parent=8"}],"curies":[{"name":"wp","href":"https:\/\/api.w.org\/{rel}","templated":true}]}}