{"id":9,"date":"2023-05-13T17:17:36","date_gmt":"2023-05-13T15:17:36","guid":{"rendered":"https:\/\/spices.nexuseight.fr\/?page_id=9"},"modified":"2023-05-14T11:43:29","modified_gmt":"2023-05-14T09:43:29","slug":"a-propos-de","status":"publish","type":"page","link":"https:\/\/spices.nexuseight.fr\/index.php\/a-propos-de\/","title":{"rendered":"Notre d\u00e9marche"},"content":{"rendered":"\n<p>Chez Nexus Eight, nous sommes passionn\u00e9s par les \u00e9pices et les saveurs venues d&rsquo;ailleurs. Inspir\u00e9s par les mondes de science-fiction, nous cr\u00e9ons des m\u00e9langes d&rsquo;\u00e9pices uniques, mettant en avant des produits locaux et bio. Chaque m\u00e9lange est une invitation \u00e0 l&rsquo;aventure culinaire, une exp\u00e9rience gustative hors du commun qui vous transportera vers des horizons sensoriels insoup\u00e7onn\u00e9s.<\/p>\n\n\n\n<p>Chez Nexus Eight, nos m\u00e9langes d&rsquo;\u00e9pices sont pr\u00e9par\u00e9s sur demande en utilisant des sources bio et locales pour garantir une fra\u00eecheur et une qualit\u00e9 optimales.<\/p>\n\n\n\n<p>Veuillez noter qu&rsquo;en raison de cette approche artisanale, il peut y avoir un l\u00e9ger d\u00e9lai de traitement de votre commande. Nous croyons que la qualit\u00e9 vaut l&rsquo;attente, car cela nous permet de soutenir les communaut\u00e9s agricoles durables et de pr\u00e9server l&rsquo;environnement.<\/p>\n\n\n\n<p>Nous vous remercions de votre compr\u00e9hension et de votre patience. Notre engagement envers l&rsquo;authenticit\u00e9 et la passion culinaire est au c\u0153ur de notre d\u00e9marche.<\/p>\n\n\n\n<p>Offrez-vous une exp\u00e9rience gustative unique avec nos m\u00e9langes d&rsquo;\u00e9pices fra\u00eeches, cr\u00e9\u00e9s avec excellence et respect de la nature. Chez Nexus Eight, nous sommes fiers de vous offrir une cuisine de qualit\u00e9 sup\u00e9rieure.<\/p>\n","protected":false},"excerpt":{"rendered":"<p>Chez Nexus Eight, nous sommes passionn\u00e9s par les \u00e9pices et les saveurs venues d&rsquo;ailleurs. Inspir\u00e9s par les mondes de science-fiction, nous cr\u00e9ons des m\u00e9langes d&rsquo;\u00e9pices uniques, mettant en avant des &#8230;<\/p>\n","protected":false},"author":1,"featured_media":30,"parent":0,"menu_order":0,"comment_status":"closed","ping_status":"closed","template":"","meta":{"footnotes":""},"class_list":["post-9","page","type-page","status-publish","has-post-thumbnail","hentry"],"_links":{"self":[{"href":"https:\/\/spices.nexuseight.fr\/index.php\/wp-json\/wp\/v2\/pages\/9","targetHints":{"allow":["GET"]}}],"collection":[{"href":"https:\/\/spices.nexuseight.fr\/index.php\/wp-json\/wp\/v2\/pages"}],"about":[{"href":"https:\/\/spices.nexuseight.fr\/index.php\/wp-json\/wp\/v2\/types\/page"}],"author":[{"embeddable":true,"href":"https:\/\/spices.nexuseight.fr\/index.php\/wp-json\/wp\/v2\/users\/1"}],"replies":[{"embeddable":true,"href":"https:\/\/spices.nexuseight.fr\/index.php\/wp-json\/wp\/v2\/comments?post=9"}],"version-history":[{"count":4,"href":"https:\/\/spices.nexuseight.fr\/index.php\/wp-json\/wp\/v2\/pages\/9\/revisions"}],"predecessor-version":[{"id":76,"href":"https:\/\/spices.nexuseight.fr\/index.php\/wp-json\/wp\/v2\/pages\/9\/revisions\/76"}],"wp:featuredmedia":[{"embeddable":true,"href":"https:\/\/spices.nexuseight.fr\/index.php\/wp-json\/wp\/v2\/media\/30"}],"wp:attachment":[{"href":"https:\/\/spices.nexuseight.fr\/index.php\/wp-json\/wp\/v2\/media?parent=9"}],"curies":[{"name":"wp","href":"https:\/\/api.w.org\/{rel}","templated":true}]}}